{"id":27,"date":"2022-08-13T08:36:19","date_gmt":"2022-08-13T08:36:19","guid":{"rendered":"https:\/\/beeduvn.online\/?page_id=27"},"modified":"2022-10-17T14:40:32","modified_gmt":"2022-10-17T07:40:32","slug":"gioi-thieu","status":"publish","type":"page","link":"https:\/\/dulich899.com\/dat-xe-ghep\/gioi-thieu\/","title":{"rendered":"Gi\u1edbi thi\u1ec7u"},"content":{"rendered":"<p>Gi\u1edbi thi\u1ec7u c\u00f4ng ty<\/p>\n  <div class=\"banner has-hover\" id=\"banner-565007767\">\n          <div class=\"banner-inner fill\">\n        <div class=\"banner-bg fill\" >\n            <div class=\"bg fill bg-fill \"><\/div>\n                                    \n                    <\/div>\n        <div class=\"banner-layers container\">\n            <div class=\"fill banner-link\"><\/div>            \n\n\n        <\/div>\n      <\/div>\n\n            \n<style>\n#banner-565007767 {\n  padding-top: 500px;\n}\n#banner-565007767 .bg.bg-loaded {\n  background-image: url(https:\/\/dulich899.com\/dat-xe-ghep\/wp-content\/uploads\/2022\/10\/banner13.jpeg);\n}\n<\/style>\n  <\/div>\n\n\n<div class=\"row\"  id=\"row-1697103167\">\n\n\n\t<div id=\"col-58707758\" class=\"col medium-6 small-12 large-6\"  >\n\t\t\t\t<div class=\"col-inner\"  >\n\t\t\t\n\t\t\t\n\n<p><strong>Xe Gh\u00e9p Xu\u00e2n Nam<\/strong><\/p>\n<p>Chuy\u00ean cung c\u1ea5p d\u1ecbch v\u1ee5 xe \u0111\u01b0a \u0111\u00f3n: <strong>Nam \u0110\u1ecbnh &#8211; H\u00e0 N\u1ed9i\u00a0<\/strong>Ch\u1ec9 t\u1eeb 250k s\u1ebd c\u00f3 xe 4-5-7 ch\u1ed7 gia \u0111\u00ecnh s\u1ea1ch s\u1ebd, kh\u1eed tr\u00f9ng h\u00e0ng ng\u00e0y, \u0111\u00f3n t\u1eadn nh\u00e0 tr\u1ea3 t\u1eadn ng\u00f5. V\u1edbi \u0111\u1ed9i ng\u0169 l\u00e1i xe chuy\u00ean nghi\u1ec7p, ph\u1ee5c v\u1ee5 t\u1eadn t\u00ecnh, chu \u0111\u00e1o 24\/7.<\/p>\n<p>M\u00f4 h\u00ecnh xe gh\u00e9p chung gi\u00fap ti\u1ebft ki\u1ec7m chi ph\u00ed cho ng\u01b0\u1eddi s\u1eed d\u1ee5ng, kh\u00e1ch h\u00e0ng \u0111\u01b0\u1ee3c \u0111\u01b0a \u0111\u00f3n t\u1eadn n\u01a1i, gi\u1ea3m \u00e1p l\u1ef1c cho h\u1ec7 th\u1ed1ng giao th\u00f4ng, gi\u1ea3m kh\u00ed th\u1ea3i v\u00e0 b\u1ea3o v\u1ec7 m\u00f4i tr\u01b0\u1eddng,\u2026 Tuy nhi\u00ean, b\u00ean c\u1ea1nh c\u00e1c \u01b0u \u0111i\u1ec3m th\u00ec d\u1ecbch v\u1ee5 n\u00e0y c\u0169ng c\u00f3 m\u1ed9t s\u1ed1 h\u1ea1n ch\u1ebf nh\u1ea5t \u0111\u1ecbnh. Trong \u0111\u00f3, b\u1ea5t c\u1eadp \u0111\u01b0\u1ee3c kh\u00e1ch h\u00e0ng ph\u1ea3n h\u1ed3i nhi\u1ec1u l\u00e0 v\u1ea5n \u0111\u1ec1 m\u1ea5t th\u1eddi gian, do xe ph\u1ea3i \u0111\u00f3n v\u00e0 tr\u1ea3 t\u1eebng kh\u00e1ch.<\/p>\n<p><strong>Xe Gh\u00e9p Xu\u00e2n Nam<\/strong> s\u1edf h\u1eefu d\u00e0n xe t\u1eeb 4 ch\u1ed7 \u0111\u1ebfn 16 ch\u1ed7 \u0111a d\u1ea1ng m\u1eabu m\u00e3, s\u1ed1 l\u01b0\u1ee3ng l\u1edbn \u0111\u00e1p \u1ee9ng m\u1ecdi y\u00eau c\u1ea7u c\u1ee7a kh\u00e1ch h\u00e0ng. C\u00f4ng ty kh\u00f4ng ng\u1eebng c\u1eadp nh\u1eadt c\u00e1c d\u00f2ng xe \u0111\u1eddi m\u1edbi, hi\u1ec7n \u0111\u1ea1i. Xe lu\u00f4n \u0111\u01b0\u1ee3c ki\u1ec3m tra v\u00e0 lau d\u1ecdn s\u1ea1ch s\u1ebd tr\u01b0\u1edbc khi xu\u1ea5t b\u1ebfn, nh\u1eb1m gi\u00fap h\u00e0nh kh\u00e1ch c\u00f3 kh\u00f4ng gian di chuy\u1ec3n tho\u1ea3i m\u00e1i nh\u1ea5t.<\/p>\n<a href=\"tel:\/\/0847679999\" target=\"_self\" class=\"button secondary expand\"  style=\"border-radius:23px;\">\n  <i class=\"icon-phone\" ><\/i>  <span>Hotline: 0847.679.999<\/span>\n  <\/a>\n\n\n\n\t\t<\/div>\n\t\t\t\t\t<\/div>\n\n\t\n\n\t<div id=\"col-1119947320\" class=\"col medium-6 small-12 large-6\"  >\n\t\t\t\t<div class=\"col-inner\"  >\n\t\t\t\n\t\t\t\n\n<div class=\"row\"  id=\"row-1467658402\">\n\n\n\t<div id=\"col-793655209\" class=\"col medium-8 small-12 large-8\"  >\n\t\t\t\t<div class=\"col-inner\"  >\n\t\t\t\n\t\t\t\n\n\t<div class=\"img has-hover x md-x lg-x y md-y lg-y\" id=\"image_400923685\">\n\t\t\t\t\t\t\t\t<div class=\"img-inner dark\" >\n\t\t\t<img loading=\"lazy\" decoding=\"async\" width=\"660\" height=\"439\" src=\"https:\/\/dulich899.com\/dat-xe-ghep\/wp-content\/uploads\/2022\/10\/a1.jpeg\" class=\"attachment-large size-large\" alt=\"\" srcset=\"https:\/\/dulich899.com\/dat-xe-ghep\/wp-content\/uploads\/2022\/10\/a1.jpeg 660w, https:\/\/dulich899.com\/dat-xe-ghep\/wp-content\/uploads\/2022\/10\/a1-600x399.jpeg 600w, https:\/\/dulich899.com\/dat-xe-ghep\/wp-content\/uploads\/2022\/10\/a1-300x200.jpeg 300w\" sizes=\"auto, (max-width: 660px) 100vw, 660px\" \/>\t\t\t\t\t\t\n\t\t\t\t\t<\/div>\n\t\t\t\t\t\t\t\t\n<style>\n#image_400923685 {\n  width: 100%;\n}\n<\/style>\n\t<\/div>\n\t\n\n\n\t\t<\/div>\n\t\t\t\t\t<\/div>\n\n\t\n\n\t<div id=\"col-119536780\" class=\"col medium-4 small-12 large-4\"  >\n\t\t\t\t<div class=\"col-inner\"  >\n\t\t\t\n\t\t\t\n\n\t<div class=\"img has-hover x md-x lg-x y md-y lg-y\" id=\"image_275373260\">\n\t\t\t\t\t\t\t\t<div class=\"img-inner dark\" >\n\t\t\t<img loading=\"lazy\" decoding=\"async\" width=\"682\" height=\"1023\" src=\"https:\/\/dulich899.com\/dat-xe-ghep\/wp-content\/uploads\/2022\/10\/a2.jpeg\" class=\"attachment-large size-large\" alt=\"\" srcset=\"https:\/\/dulich899.com\/dat-xe-ghep\/wp-content\/uploads\/2022\/10\/a2.jpeg 682w, https:\/\/dulich899.com\/dat-xe-ghep\/wp-content\/uploads\/2022\/10\/a2-600x900.jpeg 600w, https:\/\/dulich899.com\/dat-xe-ghep\/wp-content\/uploads\/2022\/10\/a2-200x300.jpeg 200w\" sizes=\"auto, (max-width: 682px) 100vw, 682px\" \/>\t\t\t\t\t\t\n\t\t\t\t\t<\/div>\n\t\t\t\t\t\t\t\t\n<style>\n#image_275373260 {\n  width: 100%;\n}\n<\/style>\n\t<\/div>\n\t\n\n\n\t\t<\/div>\n\t\t\t\t\t<\/div>\n\n\t\n\n<\/div>\n<div class=\"row\"  id=\"row-1890355660\">\n\n\n\t<div id=\"col-979245141\" class=\"col medium-4 small-12 large-4\"  >\n\t\t\t\t<div class=\"col-inner\"  >\n\t\t\t\n\t\t\t\n\n\t<div class=\"img has-hover x md-x lg-x y md-y lg-y\" id=\"image_9379795\">\n\t\t\t\t\t\t\t\t<div class=\"img-inner dark\" >\n\t\t\t<img loading=\"lazy\" decoding=\"async\" width=\"683\" height=\"933\" src=\"https:\/\/dulich899.com\/dat-xe-ghep\/wp-content\/uploads\/2022\/10\/a3.jpeg\" class=\"attachment-large size-large\" alt=\"\" srcset=\"https:\/\/dulich899.com\/dat-xe-ghep\/wp-content\/uploads\/2022\/10\/a3.jpeg 683w, https:\/\/dulich899.com\/dat-xe-ghep\/wp-content\/uploads\/2022\/10\/a3-600x820.jpeg 600w, https:\/\/dulich899.com\/dat-xe-ghep\/wp-content\/uploads\/2022\/10\/a3-220x300.jpeg 220w\" sizes=\"auto, (max-width: 683px) 100vw, 683px\" \/>\t\t\t\t\t\t\n\t\t\t\t\t<\/div>\n\t\t\t\t\t\t\t\t\n<style>\n#image_9379795 {\n  width: 100%;\n}\n<\/style>\n\t<\/div>\n\t\n\n\n\t\t<\/div>\n\t\t\t\t\t<\/div>\n\n\t\n\n\t<div id=\"col-1354020730\" class=\"col medium-8 small-12 large-8\"  >\n\t\t\t\t<div class=\"col-inner\"  >\n\t\t\t\n\t\t\t\n\n\t<div class=\"img has-hover x md-x lg-x y md-y lg-y\" id=\"image_894565105\">\n\t\t\t\t\t\t\t\t<div class=\"img-inner dark\" >\n\t\t\t<img loading=\"lazy\" decoding=\"async\" width=\"800\" height=\"532\" src=\"https:\/\/dulich899.com\/dat-xe-ghep\/wp-content\/uploads\/2022\/10\/a4.jpeg\" class=\"attachment-large size-large\" alt=\"\" srcset=\"https:\/\/dulich899.com\/dat-xe-ghep\/wp-content\/uploads\/2022\/10\/a4.jpeg 800w, https:\/\/dulich899.com\/dat-xe-ghep\/wp-content\/uploads\/2022\/10\/a4-600x399.jpeg 600w, https:\/\/dulich899.com\/dat-xe-ghep\/wp-content\/uploads\/2022\/10\/a4-300x200.jpeg 300w, https:\/\/dulich899.com\/dat-xe-ghep\/wp-content\/uploads\/2022\/10\/a4-768x511.jpeg 768w\" sizes=\"auto, (max-width: 800px) 100vw, 800px\" \/>\t\t\t\t\t\t\n\t\t\t\t\t<\/div>\n\t\t\t\t\t\t\t\t\n<style>\n#image_894565105 {\n  width: 100%;\n}\n<\/style>\n\t<\/div>\n\t\n\n\n\t\t<\/div>\n\t\t\t\t\t<\/div>\n\n\t\n\n<\/div>\n\n\t\t<\/div>\n\t\t\t\t\t<\/div>\n\n\t\n\n<\/div>\n<div class=\"row\"  id=\"row-648614118\">\n\n\n\t<div id=\"col-1455612445\" class=\"col medium-6 small-12 large-6\"  >\n\t\t\t\t<div class=\"col-inner\"  >\n\t\t\t\n\t\t\t\n\n<div class=\"row\"  id=\"row-57047137\">\n\n\n\t<div id=\"col-68123374\" class=\"col medium-8 small-12 large-8\"  >\n\t\t\t\t<div class=\"col-inner\"  >\n\t\t\t\n\t\t\t\n\n\t<div class=\"img has-hover x md-x lg-x y md-y lg-y\" id=\"image_683173018\">\n\t\t\t\t\t\t\t\t<div class=\"img-inner dark\" >\n\t\t\t<img loading=\"lazy\" decoding=\"async\" width=\"660\" height=\"439\" src=\"https:\/\/dulich899.com\/dat-xe-ghep\/wp-content\/uploads\/2022\/10\/a1.jpeg\" class=\"attachment-large size-large\" alt=\"\" srcset=\"https:\/\/dulich899.com\/dat-xe-ghep\/wp-content\/uploads\/2022\/10\/a1.jpeg 660w, https:\/\/dulich899.com\/dat-xe-ghep\/wp-content\/uploads\/2022\/10\/a1-600x399.jpeg 600w, https:\/\/dulich899.com\/dat-xe-ghep\/wp-content\/uploads\/2022\/10\/a1-300x200.jpeg 300w\" sizes=\"auto, (max-width: 660px) 100vw, 660px\" \/>\t\t\t\t\t\t\n\t\t\t\t\t<\/div>\n\t\t\t\t\t\t\t\t\n<style>\n#image_683173018 {\n  width: 100%;\n}\n<\/style>\n\t<\/div>\n\t\n\n\n\t\t<\/div>\n\t\t\t\t\t<\/div>\n\n\t\n\n\t<div id=\"col-538890938\" class=\"col medium-4 small-12 large-4\"  >\n\t\t\t\t<div class=\"col-inner\"  >\n\t\t\t\n\t\t\t\n\n\t<div class=\"img has-hover x md-x lg-x y md-y lg-y\" id=\"image_1678292157\">\n\t\t\t\t\t\t\t\t<div class=\"img-inner dark\" >\n\t\t\t<img loading=\"lazy\" decoding=\"async\" width=\"682\" height=\"1023\" src=\"https:\/\/dulich899.com\/dat-xe-ghep\/wp-content\/uploads\/2022\/10\/a2.jpeg\" class=\"attachment-large size-large\" alt=\"\" srcset=\"https:\/\/dulich899.com\/dat-xe-ghep\/wp-content\/uploads\/2022\/10\/a2.jpeg 682w, https:\/\/dulich899.com\/dat-xe-ghep\/wp-content\/uploads\/2022\/10\/a2-600x900.jpeg 600w, https:\/\/dulich899.com\/dat-xe-ghep\/wp-content\/uploads\/2022\/10\/a2-200x300.jpeg 200w\" sizes=\"auto, (max-width: 682px) 100vw, 682px\" \/>\t\t\t\t\t\t\n\t\t\t\t\t<\/div>\n\t\t\t\t\t\t\t\t\n<style>\n#image_1678292157 {\n  width: 100%;\n}\n<\/style>\n\t<\/div>\n\t\n\n\n\t\t<\/div>\n\t\t\t\t\t<\/div>\n\n\t\n\n<\/div>\n<div class=\"row\"  id=\"row-1254364672\">\n\n\n\t<div id=\"col-751743629\" class=\"col medium-4 small-12 large-4\"  >\n\t\t\t\t<div class=\"col-inner\"  >\n\t\t\t\n\t\t\t\n\n\t<div class=\"img has-hover x md-x lg-x y md-y lg-y\" id=\"image_302702398\">\n\t\t\t\t\t\t\t\t<div class=\"img-inner dark\" >\n\t\t\t<img loading=\"lazy\" decoding=\"async\" width=\"683\" height=\"933\" src=\"https:\/\/dulich899.com\/dat-xe-ghep\/wp-content\/uploads\/2022\/10\/a3.jpeg\" class=\"attachment-large size-large\" alt=\"\" srcset=\"https:\/\/dulich899.com\/dat-xe-ghep\/wp-content\/uploads\/2022\/10\/a3.jpeg 683w, https:\/\/dulich899.com\/dat-xe-ghep\/wp-content\/uploads\/2022\/10\/a3-600x820.jpeg 600w, https:\/\/dulich899.com\/dat-xe-ghep\/wp-content\/uploads\/2022\/10\/a3-220x300.jpeg 220w\" sizes=\"auto, (max-width: 683px) 100vw, 683px\" \/>\t\t\t\t\t\t\n\t\t\t\t\t<\/div>\n\t\t\t\t\t\t\t\t\n<style>\n#image_302702398 {\n  width: 100%;\n}\n<\/style>\n\t<\/div>\n\t\n\n\n\t\t<\/div>\n\t\t\t\t\t<\/div>\n\n\t\n\n\t<div id=\"col-1945533403\" class=\"col medium-8 small-12 large-8\"  >\n\t\t\t\t<div class=\"col-inner\"  >\n\t\t\t\n\t\t\t\n\n\t<div class=\"img has-hover x md-x lg-x y md-y lg-y\" id=\"image_1219655553\">\n\t\t\t\t\t\t\t\t<div class=\"img-inner dark\" >\n\t\t\t<img loading=\"lazy\" decoding=\"async\" width=\"800\" height=\"532\" src=\"https:\/\/dulich899.com\/dat-xe-ghep\/wp-content\/uploads\/2022\/10\/a4.jpeg\" class=\"attachment-large size-large\" alt=\"\" srcset=\"https:\/\/dulich899.com\/dat-xe-ghep\/wp-content\/uploads\/2022\/10\/a4.jpeg 800w, https:\/\/dulich899.com\/dat-xe-ghep\/wp-content\/uploads\/2022\/10\/a4-600x399.jpeg 600w, https:\/\/dulich899.com\/dat-xe-ghep\/wp-content\/uploads\/2022\/10\/a4-300x200.jpeg 300w, https:\/\/dulich899.com\/dat-xe-ghep\/wp-content\/uploads\/2022\/10\/a4-768x511.jpeg 768w\" sizes=\"auto, (max-width: 800px) 100vw, 800px\" \/>\t\t\t\t\t\t\n\t\t\t\t\t<\/div>\n\t\t\t\t\t\t\t\t\n<style>\n#image_1219655553 {\n  width: 100%;\n}\n<\/style>\n\t<\/div>\n\t\n\n\n\t\t<\/div>\n\t\t\t\t\t<\/div>\n\n\t\n\n<\/div>\n\n\t\t<\/div>\n\t\t\t\t\t<\/div>\n\n\t\n\n\t<div id=\"col-1465183854\" class=\"col medium-6 small-12 large-6\"  >\n\t\t\t\t<div class=\"col-inner\"  >\n\t\t\t\n\t\t\t\n\n<h2><strong>Xe Gh\u00e9p Xu\u00e2n Nam<\/strong><\/h2>\n<p>Chuy\u00ean cung c\u1ea5p d\u1ecbch v\u1ee5 xe \u0111\u01b0a \u0111\u00f3n: <strong>Nam \u0110\u1ecbnh &#8211; H\u00e0 N\u1ed9i<\/strong>\u00a0ch\u1ec9 t\u1eeb 250k s\u1ebd c\u00f3 xe 4-5-7 ch\u1ed7 gia \u0111\u00ecnh s\u1ea1ch s\u1ebd, kh\u1eed tr\u00f9ng h\u00e0ng ng\u00e0y, \u0111\u00f3n t\u1eadn nh\u00e0 tr\u1ea3 t\u1eadn ng\u00f5. V\u1edbi \u0111\u1ed9i ng\u0169 l\u00e1i xe chuy\u00ean nghi\u1ec7p, ph\u1ee5c v\u1ee5 t\u1eadn t\u00ecnh, chu \u0111\u00e1o 24\/7.<\/p>\n<p>M\u00f4 h\u00ecnh xe gh\u00e9p chung gi\u00fap ti\u1ebft ki\u1ec7m chi ph\u00ed cho ng\u01b0\u1eddi s\u1eed d\u1ee5ng, kh\u00e1ch h\u00e0ng \u0111\u01b0\u1ee3c \u0111\u01b0a \u0111\u00f3n t\u1eadn n\u01a1i, gi\u1ea3m \u00e1p l\u1ef1c cho h\u1ec7 th\u1ed1ng giao th\u00f4ng, gi\u1ea3m kh\u00ed th\u1ea3i v\u00e0 b\u1ea3o v\u1ec7 m\u00f4i tr\u01b0\u1eddng,\u2026 Tuy nhi\u00ean, b\u00ean c\u1ea1nh c\u00e1c \u01b0u \u0111i\u1ec3m th\u00ec d\u1ecbch v\u1ee5 n\u00e0y c\u0169ng c\u00f3 m\u1ed9t s\u1ed1 h\u1ea1n ch\u1ebf nh\u1ea5t \u0111\u1ecbnh. Trong \u0111\u00f3, b\u1ea5t c\u1eadp \u0111\u01b0\u1ee3c kh\u00e1ch h\u00e0ng ph\u1ea3n h\u1ed3i nhi\u1ec1u l\u00e0 v\u1ea5n \u0111\u1ec1 m\u1ea5t th\u1eddi gian, do xe ph\u1ea3i \u0111\u00f3n v\u00e0 tr\u1ea3 t\u1eebng kh\u00e1ch.<\/p>\n<p><strong>Xe Gh\u00e9p Xu\u00e2n Nam<\/strong> s\u1edf h\u1eefu d\u00e0n xe t\u1eeb 4 ch\u1ed7 \u0111\u1ebfn 16 ch\u1ed7 \u0111a d\u1ea1ng m\u1eabu m\u00e3, s\u1ed1 l\u01b0\u1ee3ng l\u1edbn \u0111\u00e1p \u1ee9ng m\u1ecdi y\u00eau c\u1ea7u c\u1ee7a kh\u00e1ch h\u00e0ng. C\u00f4ng ty kh\u00f4ng ng\u1eebng c\u1eadp nh\u1eadt c\u00e1c d\u00f2ng xe \u0111\u1eddi m\u1edbi, hi\u1ec7n \u0111\u1ea1i. Xe lu\u00f4n \u0111\u01b0\u1ee3c ki\u1ec3m tra v\u00e0 lau d\u1ecdn s\u1ea1ch s\u1ebd tr\u01b0\u1edbc khi xu\u1ea5t b\u1ebfn, nh\u1eb1m gi\u00fap h\u00e0nh kh\u00e1ch c\u00f3 kh\u00f4ng gian di chuy\u1ec3n tho\u1ea3i m\u00e1i nh\u1ea5t.<\/p>\n<a href=\"tel:\/\/0847679999\" target=\"_self\" class=\"button secondary expand\"  style=\"border-radius:23px;\">\n  <i class=\"icon-phone\" ><\/i>  <span>Hotline: 0847.679.999<\/span>\n  <\/a>\n\n\n\n\t\t<\/div>\n\t\t\t\t\t<\/div>\n\n\t\n\n<\/div>","protected":false},"excerpt":{"rendered":"<p>Gi\u1edbi thi\u1ec7u c\u00f4ng ty<\/p>\n","protected":false},"author":1,"featured_media":0,"parent":0,"menu_order":0,"comment_status":"closed","ping_status":"closed","template":"","meta":{"footnotes":""},"class_list":["post-27","page","type-page","status-publish","hentry"],"_links":{"self":[{"href":"https:\/\/dulich899.com\/dat-xe-ghep\/wp-json\/wp\/v2\/pages\/27","targetHints":{"allow":["GET"]}}],"collection":[{"href":"https:\/\/dulich899.com\/dat-xe-ghep\/wp-json\/wp\/v2\/pages"}],"about":[{"href":"https:\/\/dulich899.com\/dat-xe-ghep\/wp-json\/wp\/v2\/types\/page"}],"author":[{"embeddable":true,"href":"https:\/\/dulich899.com\/dat-xe-ghep\/wp-json\/wp\/v2\/users\/1"}],"replies":[{"embeddable":true,"href":"https:\/\/dulich899.com\/dat-xe-ghep\/wp-json\/wp\/v2\/comments?post=27"}],"version-history":[{"count":7,"href":"https:\/\/dulich899.com\/dat-xe-ghep\/wp-json\/wp\/v2\/pages\/27\/revisions"}],"predecessor-version":[{"id":506,"href":"https:\/\/dulich899.com\/dat-xe-ghep\/wp-json\/wp\/v2\/pages\/27\/revisions\/506"}],"wp:attachment":[{"href":"https:\/\/dulich899.com\/dat-xe-ghep\/wp-json\/wp\/v2\/media?parent=27"}],"curies":[{"name":"wp","href":"https:\/\/api.w.org\/{rel}","templated":true}]}}